{"id":93,"date":"2025-06-19T08:52:01","date_gmt":"2025-06-19T06:52:01","guid":{"rendered":"https:\/\/abda38.fr\/?page_id=93"},"modified":"2025-08-05T21:04:31","modified_gmt":"2025-08-05T19:04:31","slug":"elementor-page-93","status":"publish","type":"page","link":"https:\/\/abda38.fr\/?page_id=93","title":{"rendered":"Contact"},"content":{"rendered":"\t\t<div data-elementor-type=\"wp-page\" data-elementor-id=\"93\" class=\"elementor elementor-93\">\n\t\t\t\t<div class=\"elementor-element elementor-element-25267a8 e-flex e-con-boxed wpr-particle-no wpr-jarallax-no wpr-parallax-no wpr-sticky-section-no e-con e-parent\" data-id=\"25267a8\" data-element_type=\"container\" data-settings=\"{&quot;background_background&quot;:&quot;classic&quot;}\">\n\t\t\t\t\t<div class=\"e-con-inner\">\n\t\t\t\t<div class=\"elementor-element elementor-element-f2f3d6f elementor-widget elementor-widget-heading\" data-id=\"f2f3d6f\" data-element_type=\"widget\" data-widget_type=\"heading.default\">\n\t\t\t\t<div class=\"elementor-widget-container\">\n\t\t\t\t\t<h2 class=\"elementor-heading-title elementor-size-default\">Contactez-moi : <\/h2>\t\t\t\t<\/div>\n\t\t\t\t<\/div>\n\t\t\t\t\t<\/div>\n\t\t\t\t<\/div>\n\t\t<div class=\"elementor-element elementor-element-a37165f e-flex e-con-boxed wpr-particle-no wpr-jarallax-no wpr-parallax-no wpr-sticky-section-no e-con e-parent\" data-id=\"a37165f\" data-element_type=\"container\">\n\t\t\t\t\t<div class=\"e-con-inner\">\n\t\t<div class=\"elementor-element elementor-element-2895508 e-con-full e-flex wpr-particle-no wpr-jarallax-no wpr-parallax-no wpr-sticky-section-no e-con e-child\" data-id=\"2895508\" data-element_type=\"container\">\n\t\t\t\t<div class=\"elementor-element elementor-element-dd81b0f elementor-widget elementor-widget-wpforms\" data-id=\"dd81b0f\" data-element_type=\"widget\" data-widget_type=\"wpforms.default\">\n\t\t\t\t<div class=\"elementor-widget-container\">\n\t\t\t\t\t<div class=\"wpforms-container wpforms-container-full wpforms-render-modern\" id=\"wpforms-88\"><form id=\"wpforms-form-88\" class=\"wpforms-validate wpforms-form wpforms-ajax-form\" data-formid=\"88\" method=\"post\" enctype=\"multipart\/form-data\" action=\"\/index.php?rest_route=%2Fwp%2Fv2%2Fpages%2F93\" data-token=\"51a0e76f330bc24c9f0a0783b5ec2963\" data-token-time=\"1775859127\"><noscript class=\"wpforms-error-noscript\">Veuillez activer JavaScript dans votre navigateur pour remplir ce formulaire.<\/noscript><div id=\"wpforms-error-noscript\" style=\"display: none;\">Veuillez activer JavaScript dans votre navigateur pour remplir ce formulaire.<\/div><div class=\"wpforms-field-container\"><div id=\"wpforms-88-field_1-container\" class=\"wpforms-field wpforms-field-name\" data-field-id=\"1\"><fieldset><legend class=\"wpforms-field-label\">Nom <span class=\"wpforms-required-label\" aria-hidden=\"true\">*<\/span><\/legend><div class=\"wpforms-field-row wpforms-field-medium\"><div class=\"wpforms-field-row-block wpforms-first wpforms-one-half\"><input type=\"text\" id=\"wpforms-88-field_1\" class=\"wpforms-field-name-first wpforms-field-required\" name=\"wpforms[fields][1][first]\" aria-errormessage=\"wpforms-88-field_1-error\" required><label for=\"wpforms-88-field_1\" class=\"wpforms-field-sublabel after\">Pr\u00e9nom<\/label><\/div><div class=\"wpforms-field-row-block wpforms-one-half\"><input type=\"text\" id=\"wpforms-88-field_1-last\" class=\"wpforms-field-name-last wpforms-field-required\" name=\"wpforms[fields][1][last]\" aria-errormessage=\"wpforms-88-field_1-last-error\" required><label for=\"wpforms-88-field_1-last\" class=\"wpforms-field-sublabel after\">Nom<\/label><\/div><\/div><\/fieldset><\/div><div id=\"wpforms-88-field_2-container\" class=\"wpforms-field wpforms-field-email\" data-field-id=\"2\"><label class=\"wpforms-field-label\" for=\"wpforms-88-field_2\">E-mail <span class=\"wpforms-required-label\" aria-hidden=\"true\">*<\/span><\/label><input type=\"email\" id=\"wpforms-88-field_2\" class=\"wpforms-field-medium wpforms-field-required\" name=\"wpforms[fields][2]\" spellcheck=\"false\" aria-errormessage=\"wpforms-88-field_2-error\" required><\/div>\t\t<div id=\"wpforms-88-field_6-container\"\n\t\t\tclass=\"wpforms-field wpforms-field-text\"\n\t\t\tdata-field-type=\"text\"\n\t\t\tdata-field-id=\"6\"\n\t\t\t>\n\t\t\t<label class=\"wpforms-field-label\" for=\"wpforms-88-field_6\" >newsletter Nom m&#039;inscris<\/label>\n\t\t\t<input type=\"text\" id=\"wpforms-88-field_6\" class=\"wpforms-field-medium\" name=\"wpforms[fields][6]\" >\n\t\t<\/div>\n\t\t<div id=\"wpforms-88-field_4-container\" class=\"wpforms-field wpforms-field-text\" data-field-id=\"4\"><label class=\"wpforms-field-label\" for=\"wpforms-88-field_4\">T\u00e9l\u00e9phone <span class=\"wpforms-required-label\" aria-hidden=\"true\">*<\/span><\/label><input type=\"text\" id=\"wpforms-88-field_4\" class=\"wpforms-field-medium wpforms-field-required\" name=\"wpforms[fields][4]\" aria-errormessage=\"wpforms-88-field_4-error\" required><\/div><div id=\"wpforms-88-field_5-container\" class=\"wpforms-field wpforms-field-checkbox\" data-field-id=\"5\"><fieldset><legend class=\"wpforms-field-label\">Je m&#039;inscris \u00e0 la newsletter<\/legend><ul id=\"wpforms-88-field_5\"><li class=\"choice-1 depth-1\"><input type=\"checkbox\" id=\"wpforms-88-field_5_1\" name=\"wpforms[fields][5][]\" value=\"Oui\" aria-errormessage=\"wpforms-88-field_5_1-error\" aria-describedby=\"wpforms-88-field_5-description\"  ><label class=\"wpforms-field-label-inline\" for=\"wpforms-88-field_5_1\">Oui<\/label><\/li><\/ul><div id=\"wpforms-88-field_5-description\" class=\"wpforms-field-description\">J\u2019accepte que mes donn\u00e9es soient utilis\u00e9es pour recevoir des informations et actualit\u00e9s par email de la part de Dominique BOUVIER\n\nLes donn\u00e9es personnelles recueillies via ce formulaire sont destin\u00e9es uniquement \u00e0 Dominique BOUVIER pour l\u2019envoi de communications p\u00e9dagogiques et ne seront jamais transmises \u00e0 des tiers. Vous pouvez vous d\u00e9sinscrire \u00e0 tout moment en cliquant sur le lien de d\u00e9sinscription pr\u00e9sent dans chaque email.<\/div><\/fieldset><\/div><div id=\"wpforms-88-field_3-container\" class=\"wpforms-field wpforms-field-textarea\" data-field-id=\"3\"><label class=\"wpforms-field-label\" for=\"wpforms-88-field_3\">Commentaire ou message<\/label><textarea id=\"wpforms-88-field_3\" class=\"wpforms-field-medium\" name=\"wpforms[fields][3]\" aria-errormessage=\"wpforms-88-field_3-error\" ><\/textarea><\/div><script>\n\t\t\t\t( function() {\n\t\t\t\t\tconst style = document.createElement( 'style' );\n\t\t\t\t\tstyle.appendChild( document.createTextNode( '#wpforms-88-field_6-container { position: absolute !important; overflow: hidden !important; display: inline !important; height: 1px !important; width: 1px !important; z-index: -1000 !important; padding: 0 !important; } #wpforms-88-field_6-container input { visibility: hidden; } #wpforms-conversational-form-page #wpforms-88-field_6-container label { counter-increment: none; }' ) );\n\t\t\t\t\tdocument.head.appendChild( style );\n\t\t\t\t\tdocument.currentScript?.remove();\n\t\t\t\t} )();\n\t\t\t<\/script><\/div><!-- .wpforms-field-container --><div class=\"wpforms-submit-container\" ><input type=\"hidden\" name=\"wpforms[id]\" value=\"88\"><input type=\"hidden\" name=\"page_title\" value=\"\"><input type=\"hidden\" name=\"page_url\" value=\"https:\/\/abda38.fr\/index.php?rest_route=\/wp\/v2\/pages\/93\"><input type=\"hidden\" name=\"url_referer\" value=\"\"><button type=\"submit\" name=\"wpforms[submit]\" id=\"wpforms-submit-88\" class=\"wpforms-submit\" data-alt-text=\"Envoi...\" data-submit-text=\"Envoyer\" aria-live=\"assertive\" value=\"wpforms-submit\">Envoyer<\/button><img decoding=\"async\" src=\"https:\/\/abda38.fr\/wp-content\/plugins\/wpforms-lite\/assets\/images\/submit-spin.svg\" class=\"wpforms-submit-spinner\" style=\"display: none;\" width=\"26\" height=\"26\" alt=\"Chargement en cours\"><\/div><\/form><\/div>  <!-- .wpforms-container -->\t\t\t\t<\/div>\n\t\t\t\t<\/div>\n\t\t\t\t<\/div>\n\t\t<div class=\"elementor-element elementor-element-2c0bd73 e-con-full e-flex wpr-particle-no wpr-jarallax-no wpr-parallax-no wpr-sticky-section-no e-con e-child\" data-id=\"2c0bd73\" data-element_type=\"container\">\n\t\t\t\t<div class=\"elementor-element elementor-element-9354f24 elementor-widget elementor-widget-image\" data-id=\"9354f24\" data-element_type=\"widget\" data-widget_type=\"image.default\">\n\t\t\t\t<div class=\"elementor-widget-container\">\n\t\t\t\t\t\t\t\t\t\t\t\t\t\t\t<img fetchpriority=\"high\" decoding=\"async\" width=\"1024\" height=\"1024\" src=\"https:\/\/abda38.fr\/wp-content\/uploads\/2025\/06\/Dominique-bouvier-voiron-1024x1024.png\" class=\"attachment-large size-large wp-image-78\" alt=\"cours \u00e0 domicile voiron\" srcset=\"https:\/\/abda38.fr\/wp-content\/uploads\/2025\/06\/Dominique-bouvier-voiron-1024x1024.png 1024w, https:\/\/abda38.fr\/wp-content\/uploads\/2025\/06\/Dominique-bouvier-voiron-300x300.png 300w, https:\/\/abda38.fr\/wp-content\/uploads\/2025\/06\/Dominique-bouvier-voiron-150x150.png 150w, https:\/\/abda38.fr\/wp-content\/uploads\/2025\/06\/Dominique-bouvier-voiron-768x768.png 768w, https:\/\/abda38.fr\/wp-content\/uploads\/2025\/06\/Dominique-bouvier-voiron-1536x1536.png 1536w, https:\/\/abda38.fr\/wp-content\/uploads\/2025\/06\/Dominique-bouvier-voiron.png 2048w\" sizes=\"(max-width: 1024px) 100vw, 1024px\" \/>\t\t\t\t\t\t\t\t\t\t\t\t\t\t\t<\/div>\n\t\t\t\t<\/div>\n\t\t\t\t<\/div>\n\t\t\t\t\t<\/div>\n\t\t\t\t<\/div>\n\t\t\t\t<\/div>\n\t\t","protected":false},"excerpt":{"rendered":"<p>Contactez-moi : Veuillez activer JavaScript dans votre navigateur pour remplir ce formulaire.Veuillez activer JavaScript dans votre navigateur pour remplir ce formulaire. Nom * Pr\u00e9nomNom E-mail *T\u00e9l\u00e9phone * Je m&#039;inscris \u00e0 la newsleters Oui J\u2019accepte que mes donn\u00e9es soient utilis\u00e9es pour recevoir des informations et actualit\u00e9s par email de la part de Dominique BOUVIER Les donn\u00e9es personnelles recueillies via ce formulaire sont destin\u00e9es uniquement \u00e0 Dominique BOUVIER pour l\u2019envoi de communications p\u00e9dagogiques et ne seront jamais transmises \u00e0 des tiers. Vous pouvez vous d\u00e9sinscrire \u00e0 tout moment en cliquant sur le lien de d\u00e9sinscription pr\u00e9sent dans chaque email. Commentaire ou message Envoyer<\/p>\n","protected":false},"author":1,"featured_media":0,"parent":0,"menu_order":0,"comment_status":"closed","ping_status":"closed","template":"","meta":{"site-sidebar-layout":"no-sidebar","site-content-layout":"","ast-site-content-layout":"full-width-container","site-content-style":"default","site-sidebar-style":"default","ast-global-header-display":"","ast-banner-title-visibility":"","ast-main-header-display":"","ast-hfb-above-header-display":"","ast-hfb-below-header-display":"","ast-hfb-mobile-header-display":"","site-post-title":"disabled","ast-breadcrumbs-content":"","ast-featured-img":"disabled","footer-sml-layout":"","theme-transparent-header-meta":"","adv-header-id-meta":"","stick-header-meta":"","header-above-stick-meta":"","header-main-stick-meta":"","header-below-stick-meta":"","astra-migrate-meta-layouts":"default","ast-page-background-enabled":"default","ast-page-background-meta":{"desktop":{"background-color":"var(--ast-global-color-5)","background-image":"","background-repeat":"repeat","background-position":"center center","background-size":"auto","background-attachment":"scroll","background-type":"","background-media":"","overlay-type":"","overlay-color":"","overlay-opacity":"","overlay-gradient":""},"tablet":{"background-color":"","background-image":"","background-repeat":"repeat","background-position":"center center","background-size":"auto","background-attachment":"scroll","background-type":"","background-media":"","overlay-type":"","overlay-color":"","overlay-opacity":"","overlay-gradient":""},"mobile":{"background-color":"","background-image":"","background-repeat":"repeat","background-position":"center center","background-size":"auto","background-attachment":"scroll","background-type":"","background-media":"","overlay-type":"","overlay-color":"","overlay-opacity":"","overlay-gradient":""}},"ast-content-background-meta":{"desktop":{"background-color":"var(--ast-global-color-4)","background-image":"","background-repeat":"repeat","background-position":"center center","background-size":"auto","background-attachment":"scroll","background-type":"","background-media":"","overlay-type":"","overlay-color":"","overlay-opacity":"","overlay-gradient":""},"tablet":{"background-color":"var(--ast-global-color-4)","background-image":"","background-repeat":"repeat","background-position":"center center","background-size":"auto","background-attachment":"scroll","background-type":"","background-media":"","overlay-type":"","overlay-color":"","overlay-opacity":"","overlay-gradient":""},"mobile":{"background-color":"var(--ast-global-color-4)","background-image":"","background-repeat":"repeat","background-position":"center center","background-size":"auto","background-attachment":"scroll","background-type":"","background-media":"","overlay-type":"","overlay-color":"","overlay-opacity":"","overlay-gradient":""}},"footnotes":""},"class_list":["post-93","page","type-page","status-publish","hentry"],"yoast_head":"<!-- This site is optimized with the Yoast SEO plugin v25.6 - https:\/\/yoast.com\/wordpress\/plugins\/seo\/ -->\n<title>Contact -<\/title>\n<meta name=\"robots\" content=\"index, follow, max-snippet:-1, max-image-preview:large, max-video-preview:-1\" \/>\n<link rel=\"canonical\" href=\"https:\/\/abda38.fr\/?page_id=93\" \/>\n<meta property=\"og:locale\" content=\"fr_FR\" \/>\n<meta property=\"og:type\" content=\"article\" \/>\n<meta property=\"og:title\" content=\"Contact -\" \/>\n<meta property=\"og:description\" content=\"Contactez-moi : Veuillez activer JavaScript dans votre navigateur pour remplir ce formulaire.Veuillez activer JavaScript dans votre navigateur pour remplir ce formulaire. Nom * Pr\u00e9nomNom E-mail *T\u00e9l\u00e9phone * Je m&#039;inscris \u00e0 la newsleters Oui J\u2019accepte que mes donn\u00e9es soient utilis\u00e9es pour recevoir des informations et actualit\u00e9s par email de la part de Dominique BOUVIER Les donn\u00e9es personnelles recueillies via ce formulaire sont destin\u00e9es uniquement \u00e0 Dominique BOUVIER pour l\u2019envoi de communications p\u00e9dagogiques et ne seront jamais transmises \u00e0 des tiers. Vous pouvez vous d\u00e9sinscrire \u00e0 tout moment en cliquant sur le lien de d\u00e9sinscription pr\u00e9sent dans chaque email. Commentaire ou message Envoyer\" \/>\n<meta property=\"og:url\" content=\"https:\/\/abda38.fr\/?page_id=93\" \/>\n<meta property=\"article:publisher\" content=\"https:\/\/www.facebook.com\/aubonheur.apprendre\/\" \/>\n<meta property=\"article:modified_time\" content=\"2025-08-05T19:04:31+00:00\" \/>\n<meta property=\"og:image\" content=\"https:\/\/abda38.fr\/wp-content\/plugins\/wpforms-lite\/assets\/images\/submit-spin.svg\" \/>\n<meta name=\"twitter:card\" content=\"summary_large_image\" \/>\n<meta name=\"twitter:label1\" content=\"Dur\u00e9e de lecture estim\u00e9e\" \/>\n\t<meta name=\"twitter:data1\" content=\"1 minute\" \/>\n<script type=\"application\/ld+json\" class=\"yoast-schema-graph\">{\"@context\":\"https:\/\/schema.org\",\"@graph\":[{\"@type\":\"WebPage\",\"@id\":\"https:\/\/abda38.fr\/?page_id=93\",\"url\":\"https:\/\/abda38.fr\/?page_id=93\",\"name\":\"Contact -\",\"isPartOf\":{\"@id\":\"https:\/\/abda38.fr\/#website\"},\"primaryImageOfPage\":{\"@id\":\"https:\/\/abda38.fr\/?page_id=93#primaryimage\"},\"image\":{\"@id\":\"https:\/\/abda38.fr\/?page_id=93#primaryimage\"},\"thumbnailUrl\":\"https:\/\/abda38.fr\/wp-content\/plugins\/wpforms-lite\/assets\/images\/submit-spin.svg\",\"datePublished\":\"2025-06-19T06:52:01+00:00\",\"dateModified\":\"2025-08-05T19:04:31+00:00\",\"breadcrumb\":{\"@id\":\"https:\/\/abda38.fr\/?page_id=93#breadcrumb\"},\"inLanguage\":\"fr-FR\",\"potentialAction\":[{\"@type\":\"ReadAction\",\"target\":[\"https:\/\/abda38.fr\/?page_id=93\"]}]},{\"@type\":\"ImageObject\",\"inLanguage\":\"fr-FR\",\"@id\":\"https:\/\/abda38.fr\/?page_id=93#primaryimage\",\"url\":\"https:\/\/abda38.fr\/wp-content\/plugins\/wpforms-lite\/assets\/images\/submit-spin.svg\",\"contentUrl\":\"https:\/\/abda38.fr\/wp-content\/plugins\/wpforms-lite\/assets\/images\/submit-spin.svg\"},{\"@type\":\"BreadcrumbList\",\"@id\":\"https:\/\/abda38.fr\/?page_id=93#breadcrumb\",\"itemListElement\":[{\"@type\":\"ListItem\",\"position\":1,\"name\":\"Accueil\",\"item\":\"https:\/\/abda38.fr\/\"},{\"@type\":\"ListItem\",\"position\":2,\"name\":\"Contact\"}]},{\"@type\":\"WebSite\",\"@id\":\"https:\/\/abda38.fr\/#website\",\"url\":\"https:\/\/abda38.fr\/\",\"name\":\"Au bonheur d'apprendre\",\"description\":\"Accompagnement positif aux apprentissages\",\"publisher\":{\"@id\":\"https:\/\/abda38.fr\/#organization\"},\"potentialAction\":[{\"@type\":\"SearchAction\",\"target\":{\"@type\":\"EntryPoint\",\"urlTemplate\":\"https:\/\/abda38.fr\/?s={search_term_string}\"},\"query-input\":{\"@type\":\"PropertyValueSpecification\",\"valueRequired\":true,\"valueName\":\"search_term_string\"}}],\"inLanguage\":\"fr-FR\"},{\"@type\":\"Organization\",\"@id\":\"https:\/\/abda38.fr\/#organization\",\"name\":\"Au bonheur d'apprendre\",\"url\":\"https:\/\/abda38.fr\/\",\"logo\":{\"@type\":\"ImageObject\",\"inLanguage\":\"fr-FR\",\"@id\":\"https:\/\/abda38.fr\/#\/schema\/logo\/image\/\",\"url\":\"https:\/\/abda38.fr\/wp-content\/uploads\/2025\/06\/cours-a-domicile-voirons-.png\",\"contentUrl\":\"https:\/\/abda38.fr\/wp-content\/uploads\/2025\/06\/cours-a-domicile-voirons-.png\",\"width\":1941,\"height\":873,\"caption\":\"Au bonheur d'apprendre\"},\"image\":{\"@id\":\"https:\/\/abda38.fr\/#\/schema\/logo\/image\/\"},\"sameAs\":[\"https:\/\/www.facebook.com\/aubonheur.apprendre\/\"]}]}<\/script>\n<!-- \/ Yoast SEO plugin. -->","yoast_head_json":{"title":"Contact -","robots":{"index":"index","follow":"follow","max-snippet":"max-snippet:-1","max-image-preview":"max-image-preview:large","max-video-preview":"max-video-preview:-1"},"canonical":"https:\/\/abda38.fr\/?page_id=93","og_locale":"fr_FR","og_type":"article","og_title":"Contact -","og_description":"Contactez-moi : Veuillez activer JavaScript dans votre navigateur pour remplir ce formulaire.Veuillez activer JavaScript dans votre navigateur pour remplir ce formulaire. Nom * Pr\u00e9nomNom E-mail *T\u00e9l\u00e9phone * Je m&#039;inscris \u00e0 la newsleters Oui J\u2019accepte que mes donn\u00e9es soient utilis\u00e9es pour recevoir des informations et actualit\u00e9s par email de la part de Dominique BOUVIER Les donn\u00e9es personnelles recueillies via ce formulaire sont destin\u00e9es uniquement \u00e0 Dominique BOUVIER pour l\u2019envoi de communications p\u00e9dagogiques et ne seront jamais transmises \u00e0 des tiers. Vous pouvez vous d\u00e9sinscrire \u00e0 tout moment en cliquant sur le lien de d\u00e9sinscription pr\u00e9sent dans chaque email. Commentaire ou message Envoyer","og_url":"https:\/\/abda38.fr\/?page_id=93","article_publisher":"https:\/\/www.facebook.com\/aubonheur.apprendre\/","article_modified_time":"2025-08-05T19:04:31+00:00","og_image":[{"url":"https:\/\/abda38.fr\/wp-content\/plugins\/wpforms-lite\/assets\/images\/submit-spin.svg","type":"","width":"","height":""}],"twitter_card":"summary_large_image","twitter_misc":{"Dur\u00e9e de lecture estim\u00e9e":"1 minute"},"schema":{"@context":"https:\/\/schema.org","@graph":[{"@type":"WebPage","@id":"https:\/\/abda38.fr\/?page_id=93","url":"https:\/\/abda38.fr\/?page_id=93","name":"Contact -","isPartOf":{"@id":"https:\/\/abda38.fr\/#website"},"primaryImageOfPage":{"@id":"https:\/\/abda38.fr\/?page_id=93#primaryimage"},"image":{"@id":"https:\/\/abda38.fr\/?page_id=93#primaryimage"},"thumbnailUrl":"https:\/\/abda38.fr\/wp-content\/plugins\/wpforms-lite\/assets\/images\/submit-spin.svg","datePublished":"2025-06-19T06:52:01+00:00","dateModified":"2025-08-05T19:04:31+00:00","breadcrumb":{"@id":"https:\/\/abda38.fr\/?page_id=93#breadcrumb"},"inLanguage":"fr-FR","potentialAction":[{"@type":"ReadAction","target":["https:\/\/abda38.fr\/?page_id=93"]}]},{"@type":"ImageObject","inLanguage":"fr-FR","@id":"https:\/\/abda38.fr\/?page_id=93#primaryimage","url":"https:\/\/abda38.fr\/wp-content\/plugins\/wpforms-lite\/assets\/images\/submit-spin.svg","contentUrl":"https:\/\/abda38.fr\/wp-content\/plugins\/wpforms-lite\/assets\/images\/submit-spin.svg"},{"@type":"BreadcrumbList","@id":"https:\/\/abda38.fr\/?page_id=93#breadcrumb","itemListElement":[{"@type":"ListItem","position":1,"name":"Accueil","item":"https:\/\/abda38.fr\/"},{"@type":"ListItem","position":2,"name":"Contact"}]},{"@type":"WebSite","@id":"https:\/\/abda38.fr\/#website","url":"https:\/\/abda38.fr\/","name":"Au bonheur d'apprendre","description":"Accompagnement positif aux apprentissages","publisher":{"@id":"https:\/\/abda38.fr\/#organization"},"potentialAction":[{"@type":"SearchAction","target":{"@type":"EntryPoint","urlTemplate":"https:\/\/abda38.fr\/?s={search_term_string}"},"query-input":{"@type":"PropertyValueSpecification","valueRequired":true,"valueName":"search_term_string"}}],"inLanguage":"fr-FR"},{"@type":"Organization","@id":"https:\/\/abda38.fr\/#organization","name":"Au bonheur d'apprendre","url":"https:\/\/abda38.fr\/","logo":{"@type":"ImageObject","inLanguage":"fr-FR","@id":"https:\/\/abda38.fr\/#\/schema\/logo\/image\/","url":"https:\/\/abda38.fr\/wp-content\/uploads\/2025\/06\/cours-a-domicile-voirons-.png","contentUrl":"https:\/\/abda38.fr\/wp-content\/uploads\/2025\/06\/cours-a-domicile-voirons-.png","width":1941,"height":873,"caption":"Au bonheur d'apprendre"},"image":{"@id":"https:\/\/abda38.fr\/#\/schema\/logo\/image\/"},"sameAs":["https:\/\/www.facebook.com\/aubonheur.apprendre\/"]}]}},"_links":{"self":[{"href":"https:\/\/abda38.fr\/index.php?rest_route=\/wp\/v2\/pages\/93","targetHints":{"allow":["GET"]}}],"collection":[{"href":"https:\/\/abda38.fr\/index.php?rest_route=\/wp\/v2\/pages"}],"about":[{"href":"https:\/\/abda38.fr\/index.php?rest_route=\/wp\/v2\/types\/page"}],"author":[{"embeddable":true,"href":"https:\/\/abda38.fr\/index.php?rest_route=\/wp\/v2\/users\/1"}],"replies":[{"embeddable":true,"href":"https:\/\/abda38.fr\/index.php?rest_route=%2Fwp%2Fv2%2Fcomments&post=93"}],"version-history":[{"count":3,"href":"https:\/\/abda38.fr\/index.php?rest_route=\/wp\/v2\/pages\/93\/revisions"}],"predecessor-version":[{"id":165,"href":"https:\/\/abda38.fr\/index.php?rest_route=\/wp\/v2\/pages\/93\/revisions\/165"}],"wp:attachment":[{"href":"https:\/\/abda38.fr\/index.php?rest_route=%2Fwp%2Fv2%2Fmedia&parent=93"}],"curies":[{"name":"wp","href":"https:\/\/api.w.org\/{rel}","templated":true}]}}