{"id":148,"date":"2025-08-05T20:53:11","date_gmt":"2025-08-05T18:53:11","guid":{"rendered":"https:\/\/abda38.fr\/?page_id=148"},"modified":"2025-08-06T18:49:41","modified_gmt":"2025-08-06T16:49:41","slug":"elementor-page-148","status":"publish","type":"page","link":"https:\/\/abda38.fr\/?page_id=148","title":{"rendered":"Mentions L\u00e9gale"},"content":{"rendered":"\t\t<div data-elementor-type=\"wp-page\" data-elementor-id=\"148\" class=\"elementor elementor-148\">\n\t\t\t\t<div class=\"elementor-element elementor-element-4ab24d5 e-flex e-con-boxed wpr-particle-no wpr-jarallax-no wpr-parallax-no wpr-sticky-section-no e-con e-parent\" data-id=\"4ab24d5\" data-element_type=\"container\">\n\t\t\t\t\t<div class=\"e-con-inner\">\n\t\t\t\t<div class=\"elementor-element elementor-element-0b12981 elementor-widget elementor-widget-text-editor\" data-id=\"0b12981\" data-element_type=\"widget\" data-widget_type=\"text-editor.default\">\n\t\t\t\t<div class=\"elementor-widget-container\">\n\t\t\t\t\t\t\t\t\t<h2 data-start=\"251\" data-end=\"274\"><strong data-start=\"254\" data-end=\"274\">Mentions l\u00e9gales<\/strong><\/h2><h3 data-start=\"276\" data-end=\"302\"><strong data-start=\"280\" data-end=\"302\">1. \u00c9diteur du site<\/strong><\/h3><p data-start=\"304\" data-end=\"516\">Nom : Bouvier<br data-start=\"333\" data-end=\"336\" \/>Statut : Auto-entrepreneure<br data-start=\"363\" data-end=\"366\" \/>Adresse : [Adresse postale compl\u00e8te]<br data-start=\"402\" data-end=\"405\" \/>T\u00e9l\u00e9phone : +33 6 49 19 07 92<br data-start=\"438\" data-end=\"441\" \/>Email : aubonheurdapprendre38@gmail.com<br \/><br data-start=\"475\" data-end=\"478\" \/>Num\u00e9ro SIRET : [Votre num\u00e9ro de SIRET]<\/p><h3 data-start=\"518\" data-end=\"546\"><strong data-start=\"522\" data-end=\"546\">2. H\u00e9bergeur du site<\/strong><\/h3><p data-start=\"548\" data-end=\"681\">Nom de l\u2019h\u00e9bergeur : OVH<\/p><h3 data-start=\"683\" data-end=\"718\"><strong data-start=\"687\" data-end=\"718\">3. Propri\u00e9t\u00e9 intellectuelle<\/strong><\/h3><p data-start=\"720\" data-end=\"1002\">L\u2019ensemble du contenu de ce site (textes, images, logos, etc.) est la propri\u00e9t\u00e9 exclusive de Dominique BOUVIER mention contraire. Toute reproduction, repr\u00e9sentation, modification ou utilisation, totale ou partielle, sans autorisation pr\u00e9alable est strictement interdite.<\/p><h3 data-start=\"1004\" data-end=\"1035\"><strong data-start=\"1008\" data-end=\"1035\">4. Donn\u00e9es personnelles<\/strong><\/h3><p data-start=\"1037\" data-end=\"1261\">Les informations recueillies via le formulaire de contact sont enregistr\u00e9es dans un fichier informatis\u00e9 par Dominique BOUVIER afin de pouvoir r\u00e9pondre aux demandes de contact et envoyer, le cas \u00e9ch\u00e9ant, une newsletter. Il est possible de se d\u00e9sabonner de la news \u00e0 tout moment.\u00a0<\/p><p data-start=\"1263\" data-end=\"1280\"><strong data-start=\"1263\" data-end=\"1278\">Finalit\u00e9s :<\/strong><\/p><ul data-start=\"1281\" data-end=\"1408\"><li data-start=\"1281\" data-end=\"1334\"><p data-start=\"1283\" data-end=\"1334\">R\u00e9ponse aux demandes via le formulaire de contact<\/p><\/li><li data-start=\"1335\" data-end=\"1408\"><p data-start=\"1337\" data-end=\"1408\">Envoi occasionnel d&rsquo;informations et d&rsquo;actualit\u00e9s p\u00e9dagogiques par email<\/p><\/li><\/ul><p data-start=\"1410\" data-end=\"1485\"><strong data-start=\"1410\" data-end=\"1427\">Base l\u00e9gale :<\/strong> Consentement (case \u00e0 cocher sur le formulaire de contact)<\/p><p data-start=\"1487\" data-end=\"1635\"><strong data-start=\"1487\" data-end=\"1517\">Conservation des donn\u00e9es :<\/strong> Les donn\u00e9es sont conserv\u00e9es pendant une dur\u00e9e de 3 ans \u00e0 compter du dernier contact \u00e9manant de la personne concern\u00e9e.<\/p><p data-start=\"1637\" data-end=\"1913\"><strong data-start=\"1637\" data-end=\"1663\">Droits des personnes :<\/strong> Conform\u00e9ment au R\u00e8glement G\u00e9n\u00e9ral sur la Protection des Donn\u00e9es (RGPD), vous disposez d\u2019un droit d\u2019acc\u00e8s, de rectification, d\u2019opposition, de suppression et de portabilit\u00e9 de vos donn\u00e9es. Pour exercer vos droits, vous pouvez \u00e9crire \u00e0 : aubonheurdapprendre38@gmail.com<\/p><h3 data-start=\"1915\" data-end=\"1933\"><strong data-start=\"1919\" data-end=\"1933\">5. Cookies<\/strong><\/h3><p data-start=\"1935\" data-end=\"2204\">Le site peut utiliser des cookies afin d\u2019am\u00e9liorer l\u2019exp\u00e9rience utilisateur. Vous pouvez accepter ou refuser les cookies lors de votre premi\u00e8re visite. Vous avez \u00e9galement la possibilit\u00e9 de modifier vos pr\u00e9f\u00e9rences \u00e0 tout moment dans les param\u00e8tres de votre navigateur. Pas de cookies pour le moment.<\/p><h3 data-start=\"2206\" data-end=\"2233\"><strong data-start=\"2210\" data-end=\"2233\">6. Droit applicable<\/strong><\/h3><p data-start=\"2235\" data-end=\"2346\">Le pr\u00e9sent site est soumis au droit fran\u00e7ais. En cas de litige, les tribunaux fran\u00e7ais seront seuls comp\u00e9tents.<\/p>\t\t\t\t\t\t\t\t<\/div>\n\t\t\t\t<\/div>\n\t\t\t\t\t<\/div>\n\t\t\t\t<\/div>\n\t\t\t\t<\/div>\n\t\t","protected":false},"excerpt":{"rendered":"<p>Mentions l\u00e9gales 1. \u00c9diteur du site Nom : BouvierStatut : Auto-entrepreneureAdresse : [Adresse postale compl\u00e8te]T\u00e9l\u00e9phone : +33 6 49 19 07 92Email : aubonheurdapprendre38@gmail.comNum\u00e9ro SIRET : [Votre num\u00e9ro de SIRET] 2. H\u00e9bergeur du site Nom de l\u2019h\u00e9bergeur : OVH 3. Propri\u00e9t\u00e9 intellectuelle L\u2019ensemble du contenu de ce site (textes, images, logos, etc.) est la propri\u00e9t\u00e9 exclusive de Dominique BOUVIER mention contraire. Toute reproduction, repr\u00e9sentation, modification ou utilisation, totale ou partielle, sans autorisation pr\u00e9alable est strictement interdite. 4. Donn\u00e9es personnelles Les informations recueillies via le formulaire de contact sont enregistr\u00e9es dans un fichier informatis\u00e9 par Dominique BOUVIER afin de pouvoir r\u00e9pondre aux demandes de contact et envoyer, le cas \u00e9ch\u00e9ant, une newsletter. Il est possible de se d\u00e9sabonner de la news \u00e0 tout moment.\u00a0 Finalit\u00e9s : R\u00e9ponse aux demandes via le formulaire de contact Envoi occasionnel d&rsquo;informations et d&rsquo;actualit\u00e9s p\u00e9dagogiques par email Base l\u00e9gale : Consentement (case \u00e0 cocher sur le formulaire de contact) Conservation des donn\u00e9es : Les donn\u00e9es sont conserv\u00e9es pendant une dur\u00e9e de 3 ans \u00e0 compter du dernier contact \u00e9manant de la personne concern\u00e9e. Droits des personnes : Conform\u00e9ment au R\u00e8glement G\u00e9n\u00e9ral sur la Protection des Donn\u00e9es (RGPD), vous disposez d\u2019un droit d\u2019acc\u00e8s, de rectification, d\u2019opposition, de suppression et de portabilit\u00e9 de vos donn\u00e9es. Pour exercer vos droits, vous pouvez \u00e9crire \u00e0 : aubonheurdapprendre38@gmail.com 5. Cookies Le site peut utiliser des cookies afin d\u2019am\u00e9liorer l\u2019exp\u00e9rience utilisateur. Vous pouvez accepter ou refuser les cookies lors de votre premi\u00e8re visite. Vous avez \u00e9galement la possibilit\u00e9 de modifier vos pr\u00e9f\u00e9rences \u00e0 tout moment dans les param\u00e8tres de votre navigateur. Pas de cookies pour le moment. 6. Droit applicable Le pr\u00e9sent site est soumis au droit fran\u00e7ais. En cas de litige, les tribunaux fran\u00e7ais seront seuls comp\u00e9tents.<\/p>\n","protected":false},"author":1,"featured_media":0,"parent":0,"menu_order":0,"comment_status":"closed","ping_status":"closed","template":"","meta":{"site-sidebar-layout":"no-sidebar","site-content-layout":"","ast-site-content-layout":"full-width-container","site-content-style":"default","site-sidebar-style":"default","ast-global-header-display":"","ast-banner-title-visibility":"","ast-main-header-display":"","ast-hfb-above-header-display":"","ast-hfb-below-header-display":"","ast-hfb-mobile-header-display":"","site-post-title":"disabled","ast-breadcrumbs-content":"","ast-featured-img":"disabled","footer-sml-layout":"","theme-transparent-header-meta":"","adv-header-id-meta":"","stick-header-meta":"","header-above-stick-meta":"","header-main-stick-meta":"","header-below-stick-meta":"","astra-migrate-meta-layouts":"default","ast-page-background-enabled":"default","ast-page-background-meta":{"desktop":{"background-color":"var(--ast-global-color-5)","background-image":"","background-repeat":"repeat","background-position":"center center","background-size":"auto","background-attachment":"scroll","background-type":"","background-media":"","overlay-type":"","overlay-color":"","overlay-opacity":"","overlay-gradient":""},"tablet":{"background-color":"","background-image":"","background-repeat":"repeat","background-position":"center center","background-size":"auto","background-attachment":"scroll","background-type":"","background-media":"","overlay-type":"","overlay-color":"","overlay-opacity":"","overlay-gradient":""},"mobile":{"background-color":"","background-image":"","background-repeat":"repeat","background-position":"center center","background-size":"auto","background-attachment":"scroll","background-type":"","background-media":"","overlay-type":"","overlay-color":"","overlay-opacity":"","overlay-gradient":""}},"ast-content-background-meta":{"desktop":{"background-color":"var(--ast-global-color-4)","background-image":"","background-repeat":"repeat","background-position":"center center","background-size":"auto","background-attachment":"scroll","background-type":"","background-media":"","overlay-type":"","overlay-color":"","overlay-opacity":"","overlay-gradient":""},"tablet":{"background-color":"var(--ast-global-color-4)","background-image":"","background-repeat":"repeat","background-position":"center center","background-size":"auto","background-attachment":"scroll","background-type":"","background-media":"","overlay-type":"","overlay-color":"","overlay-opacity":"","overlay-gradient":""},"mobile":{"background-color":"var(--ast-global-color-4)","background-image":"","background-repeat":"repeat","background-position":"center center","background-size":"auto","background-attachment":"scroll","background-type":"","background-media":"","overlay-type":"","overlay-color":"","overlay-opacity":"","overlay-gradient":""}},"footnotes":""},"class_list":["post-148","page","type-page","status-publish","hentry"],"yoast_head":"<!-- This site is optimized with the Yoast SEO plugin v25.6 - https:\/\/yoast.com\/wordpress\/plugins\/seo\/ -->\n<title>Mentions L\u00e9gale -<\/title>\n<meta name=\"robots\" content=\"index, follow, max-snippet:-1, max-image-preview:large, max-video-preview:-1\" \/>\n<link rel=\"canonical\" href=\"https:\/\/abda38.fr\/?page_id=148\" \/>\n<meta property=\"og:locale\" content=\"fr_FR\" \/>\n<meta property=\"og:type\" content=\"article\" \/>\n<meta property=\"og:title\" content=\"Mentions L\u00e9gale -\" \/>\n<meta property=\"og:description\" content=\"Mentions l\u00e9gales 1. \u00c9diteur du site Nom : BouvierStatut : Auto-entrepreneureAdresse : [Adresse postale compl\u00e8te]T\u00e9l\u00e9phone : +33 6 49 19 07 92Email : aubonheurdapprendre38@gmail.comNum\u00e9ro SIRET : [Votre num\u00e9ro de SIRET] 2. H\u00e9bergeur du site Nom de l\u2019h\u00e9bergeur : OVH 3. Propri\u00e9t\u00e9 intellectuelle L\u2019ensemble du contenu de ce site (textes, images, logos, etc.) est la propri\u00e9t\u00e9 exclusive de Dominique BOUVIER mention contraire. Toute reproduction, repr\u00e9sentation, modification ou utilisation, totale ou partielle, sans autorisation pr\u00e9alable est strictement interdite. 4. Donn\u00e9es personnelles Les informations recueillies via le formulaire de contact sont enregistr\u00e9es dans un fichier informatis\u00e9 par Dominique BOUVIER afin de pouvoir r\u00e9pondre aux demandes de contact et envoyer, le cas \u00e9ch\u00e9ant, une newsletter. Il est possible de se d\u00e9sabonner de la news \u00e0 tout moment.\u00a0 Finalit\u00e9s : R\u00e9ponse aux demandes via le formulaire de contact Envoi occasionnel d&rsquo;informations et d&rsquo;actualit\u00e9s p\u00e9dagogiques par email Base l\u00e9gale : Consentement (case \u00e0 cocher sur le formulaire de contact) Conservation des donn\u00e9es : Les donn\u00e9es sont conserv\u00e9es pendant une dur\u00e9e de 3 ans \u00e0 compter du dernier contact \u00e9manant de la personne concern\u00e9e. Droits des personnes : Conform\u00e9ment au R\u00e8glement G\u00e9n\u00e9ral sur la Protection des Donn\u00e9es (RGPD), vous disposez d\u2019un droit d\u2019acc\u00e8s, de rectification, d\u2019opposition, de suppression et de portabilit\u00e9 de vos donn\u00e9es. Pour exercer vos droits, vous pouvez \u00e9crire \u00e0 : aubonheurdapprendre38@gmail.com 5. Cookies Le site peut utiliser des cookies afin d\u2019am\u00e9liorer l\u2019exp\u00e9rience utilisateur. Vous pouvez accepter ou refuser les cookies lors de votre premi\u00e8re visite. Vous avez \u00e9galement la possibilit\u00e9 de modifier vos pr\u00e9f\u00e9rences \u00e0 tout moment dans les param\u00e8tres de votre navigateur. Pas de cookies pour le moment. 6. Droit applicable Le pr\u00e9sent site est soumis au droit fran\u00e7ais. En cas de litige, les tribunaux fran\u00e7ais seront seuls comp\u00e9tents.\" \/>\n<meta property=\"og:url\" content=\"https:\/\/abda38.fr\/?page_id=148\" \/>\n<meta property=\"article:publisher\" content=\"https:\/\/www.facebook.com\/aubonheur.apprendre\/\" \/>\n<meta property=\"article:modified_time\" content=\"2025-08-06T16:49:41+00:00\" \/>\n<meta name=\"twitter:card\" content=\"summary_large_image\" \/>\n<meta name=\"twitter:label1\" content=\"Dur\u00e9e de lecture estim\u00e9e\" \/>\n\t<meta name=\"twitter:data1\" content=\"2 minutes\" \/>\n<script type=\"application\/ld+json\" class=\"yoast-schema-graph\">{\"@context\":\"https:\/\/schema.org\",\"@graph\":[{\"@type\":\"WebPage\",\"@id\":\"https:\/\/abda38.fr\/?page_id=148\",\"url\":\"https:\/\/abda38.fr\/?page_id=148\",\"name\":\"Mentions L\u00e9gale -\",\"isPartOf\":{\"@id\":\"https:\/\/abda38.fr\/#website\"},\"datePublished\":\"2025-08-05T18:53:11+00:00\",\"dateModified\":\"2025-08-06T16:49:41+00:00\",\"breadcrumb\":{\"@id\":\"https:\/\/abda38.fr\/?page_id=148#breadcrumb\"},\"inLanguage\":\"fr-FR\",\"potentialAction\":[{\"@type\":\"ReadAction\",\"target\":[\"https:\/\/abda38.fr\/?page_id=148\"]}]},{\"@type\":\"BreadcrumbList\",\"@id\":\"https:\/\/abda38.fr\/?page_id=148#breadcrumb\",\"itemListElement\":[{\"@type\":\"ListItem\",\"position\":1,\"name\":\"Accueil\",\"item\":\"https:\/\/abda38.fr\/\"},{\"@type\":\"ListItem\",\"position\":2,\"name\":\"Mentions L\u00e9gale\"}]},{\"@type\":\"WebSite\",\"@id\":\"https:\/\/abda38.fr\/#website\",\"url\":\"https:\/\/abda38.fr\/\",\"name\":\"Au bonheur d'apprendre\",\"description\":\"Accompagnement positif aux apprentissages\",\"publisher\":{\"@id\":\"https:\/\/abda38.fr\/#organization\"},\"potentialAction\":[{\"@type\":\"SearchAction\",\"target\":{\"@type\":\"EntryPoint\",\"urlTemplate\":\"https:\/\/abda38.fr\/?s={search_term_string}\"},\"query-input\":{\"@type\":\"PropertyValueSpecification\",\"valueRequired\":true,\"valueName\":\"search_term_string\"}}],\"inLanguage\":\"fr-FR\"},{\"@type\":\"Organization\",\"@id\":\"https:\/\/abda38.fr\/#organization\",\"name\":\"Au bonheur d'apprendre\",\"url\":\"https:\/\/abda38.fr\/\",\"logo\":{\"@type\":\"ImageObject\",\"inLanguage\":\"fr-FR\",\"@id\":\"https:\/\/abda38.fr\/#\/schema\/logo\/image\/\",\"url\":\"https:\/\/abda38.fr\/wp-content\/uploads\/2025\/06\/cours-a-domicile-voirons-.png\",\"contentUrl\":\"https:\/\/abda38.fr\/wp-content\/uploads\/2025\/06\/cours-a-domicile-voirons-.png\",\"width\":1941,\"height\":873,\"caption\":\"Au bonheur d'apprendre\"},\"image\":{\"@id\":\"https:\/\/abda38.fr\/#\/schema\/logo\/image\/\"},\"sameAs\":[\"https:\/\/www.facebook.com\/aubonheur.apprendre\/\"]}]}<\/script>\n<!-- \/ Yoast SEO plugin. -->","yoast_head_json":{"title":"Mentions L\u00e9gale -","robots":{"index":"index","follow":"follow","max-snippet":"max-snippet:-1","max-image-preview":"max-image-preview:large","max-video-preview":"max-video-preview:-1"},"canonical":"https:\/\/abda38.fr\/?page_id=148","og_locale":"fr_FR","og_type":"article","og_title":"Mentions L\u00e9gale -","og_description":"Mentions l\u00e9gales 1. \u00c9diteur du site Nom : BouvierStatut : Auto-entrepreneureAdresse : [Adresse postale compl\u00e8te]T\u00e9l\u00e9phone : +33 6 49 19 07 92Email : aubonheurdapprendre38@gmail.comNum\u00e9ro SIRET : [Votre num\u00e9ro de SIRET] 2. H\u00e9bergeur du site Nom de l\u2019h\u00e9bergeur : OVH 3. Propri\u00e9t\u00e9 intellectuelle L\u2019ensemble du contenu de ce site (textes, images, logos, etc.) est la propri\u00e9t\u00e9 exclusive de Dominique BOUVIER mention contraire. Toute reproduction, repr\u00e9sentation, modification ou utilisation, totale ou partielle, sans autorisation pr\u00e9alable est strictement interdite. 4. Donn\u00e9es personnelles Les informations recueillies via le formulaire de contact sont enregistr\u00e9es dans un fichier informatis\u00e9 par Dominique BOUVIER afin de pouvoir r\u00e9pondre aux demandes de contact et envoyer, le cas \u00e9ch\u00e9ant, une newsletter. Il est possible de se d\u00e9sabonner de la news \u00e0 tout moment.\u00a0 Finalit\u00e9s : R\u00e9ponse aux demandes via le formulaire de contact Envoi occasionnel d&rsquo;informations et d&rsquo;actualit\u00e9s p\u00e9dagogiques par email Base l\u00e9gale : Consentement (case \u00e0 cocher sur le formulaire de contact) Conservation des donn\u00e9es : Les donn\u00e9es sont conserv\u00e9es pendant une dur\u00e9e de 3 ans \u00e0 compter du dernier contact \u00e9manant de la personne concern\u00e9e. Droits des personnes : Conform\u00e9ment au R\u00e8glement G\u00e9n\u00e9ral sur la Protection des Donn\u00e9es (RGPD), vous disposez d\u2019un droit d\u2019acc\u00e8s, de rectification, d\u2019opposition, de suppression et de portabilit\u00e9 de vos donn\u00e9es. Pour exercer vos droits, vous pouvez \u00e9crire \u00e0 : aubonheurdapprendre38@gmail.com 5. Cookies Le site peut utiliser des cookies afin d\u2019am\u00e9liorer l\u2019exp\u00e9rience utilisateur. Vous pouvez accepter ou refuser les cookies lors de votre premi\u00e8re visite. Vous avez \u00e9galement la possibilit\u00e9 de modifier vos pr\u00e9f\u00e9rences \u00e0 tout moment dans les param\u00e8tres de votre navigateur. Pas de cookies pour le moment. 6. Droit applicable Le pr\u00e9sent site est soumis au droit fran\u00e7ais. En cas de litige, les tribunaux fran\u00e7ais seront seuls comp\u00e9tents.","og_url":"https:\/\/abda38.fr\/?page_id=148","article_publisher":"https:\/\/www.facebook.com\/aubonheur.apprendre\/","article_modified_time":"2025-08-06T16:49:41+00:00","twitter_card":"summary_large_image","twitter_misc":{"Dur\u00e9e de lecture estim\u00e9e":"2 minutes"},"schema":{"@context":"https:\/\/schema.org","@graph":[{"@type":"WebPage","@id":"https:\/\/abda38.fr\/?page_id=148","url":"https:\/\/abda38.fr\/?page_id=148","name":"Mentions L\u00e9gale -","isPartOf":{"@id":"https:\/\/abda38.fr\/#website"},"datePublished":"2025-08-05T18:53:11+00:00","dateModified":"2025-08-06T16:49:41+00:00","breadcrumb":{"@id":"https:\/\/abda38.fr\/?page_id=148#breadcrumb"},"inLanguage":"fr-FR","potentialAction":[{"@type":"ReadAction","target":["https:\/\/abda38.fr\/?page_id=148"]}]},{"@type":"BreadcrumbList","@id":"https:\/\/abda38.fr\/?page_id=148#breadcrumb","itemListElement":[{"@type":"ListItem","position":1,"name":"Accueil","item":"https:\/\/abda38.fr\/"},{"@type":"ListItem","position":2,"name":"Mentions L\u00e9gale"}]},{"@type":"WebSite","@id":"https:\/\/abda38.fr\/#website","url":"https:\/\/abda38.fr\/","name":"Au bonheur d'apprendre","description":"Accompagnement positif aux apprentissages","publisher":{"@id":"https:\/\/abda38.fr\/#organization"},"potentialAction":[{"@type":"SearchAction","target":{"@type":"EntryPoint","urlTemplate":"https:\/\/abda38.fr\/?s={search_term_string}"},"query-input":{"@type":"PropertyValueSpecification","valueRequired":true,"valueName":"search_term_string"}}],"inLanguage":"fr-FR"},{"@type":"Organization","@id":"https:\/\/abda38.fr\/#organization","name":"Au bonheur d'apprendre","url":"https:\/\/abda38.fr\/","logo":{"@type":"ImageObject","inLanguage":"fr-FR","@id":"https:\/\/abda38.fr\/#\/schema\/logo\/image\/","url":"https:\/\/abda38.fr\/wp-content\/uploads\/2025\/06\/cours-a-domicile-voirons-.png","contentUrl":"https:\/\/abda38.fr\/wp-content\/uploads\/2025\/06\/cours-a-domicile-voirons-.png","width":1941,"height":873,"caption":"Au bonheur d'apprendre"},"image":{"@id":"https:\/\/abda38.fr\/#\/schema\/logo\/image\/"},"sameAs":["https:\/\/www.facebook.com\/aubonheur.apprendre\/"]}]}},"_links":{"self":[{"href":"https:\/\/abda38.fr\/index.php?rest_route=\/wp\/v2\/pages\/148","targetHints":{"allow":["GET"]}}],"collection":[{"href":"https:\/\/abda38.fr\/index.php?rest_route=\/wp\/v2\/pages"}],"about":[{"href":"https:\/\/abda38.fr\/index.php?rest_route=\/wp\/v2\/types\/page"}],"author":[{"embeddable":true,"href":"https:\/\/abda38.fr\/index.php?rest_route=\/wp\/v2\/users\/1"}],"replies":[{"embeddable":true,"href":"https:\/\/abda38.fr\/index.php?rest_route=%2Fwp%2Fv2%2Fcomments&post=148"}],"version-history":[{"count":7,"href":"https:\/\/abda38.fr\/index.php?rest_route=\/wp\/v2\/pages\/148\/revisions"}],"predecessor-version":[{"id":155,"href":"https:\/\/abda38.fr\/index.php?rest_route=\/wp\/v2\/pages\/148\/revisions\/155"}],"wp:attachment":[{"href":"https:\/\/abda38.fr\/index.php?rest_route=%2Fwp%2Fv2%2Fmedia&parent=148"}],"curies":[{"name":"wp","href":"https:\/\/api.w.org\/{rel}","templated":true}]}}